{"id":2,"date":"2024-08-22T21:19:13","date_gmt":"2024-08-22T13:19:13","guid":{"rendered":"http:\/\/www.gshousingchina.com\/?page_id=2"},"modified":"2026-03-30T09:36:02","modified_gmt":"2026-03-30T01:36:02","slug":"home","status":"publish","type":"page","link":"https:\/\/www.gshousingchina.com\/de\/","title":{"rendered":"Startseite"},"content":{"rendered":"<p>Dies ist eine Demonstrationsseite. Im Gegensatz zu einer Seite und einem Blogbeitrag ist ihre Position fest und wird in der Regel in der Navigationsleiste der Website angezeigt. Viele Nutzer erstellen eine \u201e\u00dcber\u201c-Seite, um sich ihren Besuchern vorzustellen. Zum Beispiel:<\/p>\r\n\r\n\r\n<blockquote class=\"wp-block-quote is-layout-flow wp-block-quote-is-layout-flow\">\r\n<p>Hallo alle! Ich bin tags\u00fcber ein Kurierbruder und nachts ein ehrgeiziger Zauberer, das ist meine Website. Ich lebe in Peking und habe einen Hund namens Diha. Ich trinke gerne Coca-Cola und spaziere mit dem Hund.<\/p>\r\n<\/blockquote>\r\n\r\n\r\n<p>... oder dieses:<\/p>\r\n\r\n\r\n<blockquote class=\"wp-block-quote is-layout-flow wp-block-quote-is-layout-flow\">\r\n<p>Die Firma XYZ Doohickey wurde 1971 gegr\u00fcndet und hat seit ihrer Gr\u00fcndung ausgezeichnete Doohickies zur Gesellschaft beigetragen. Unser Firmensitz befindet sich in Tianjin und besch\u00e4ftigt \u00fcber 2.000 Mitarbeiter, die einen erheblichen Beitrag zu den Steuern der Regierung von Tianjin leisten.<\/p>\r\n<\/blockquote>\r\n\r\n\r\n<p>Als neuer WordPress-Benutzer empfehlen wir Ihnen, auf<a href=\"http:\/\/www.gshousingchina.com\/wp-admin\/\">Das Dashboard Ihrer Website<\/a>L\u00f6schen Sie diese Seite und erstellen Sie eine neue Seite mit Ihren eigenen Inhalten. Viel Spa\u00df!<\/p>","protected":false},"excerpt":{"rendered":"<p>Dies ist eine Demonstrationsseite. Im Gegensatz zu einer Seite und einem Blogbeitrag ist ihre Position fest und wird in der Regel in der Navigationsleiste der Website angezeigt. Viele Nutzer erstellen eine \u201e\u00dcber\u201c-Seite, um sich ihren Besuchern vorzustellen. Zum Beispiel: Hallo alle! Ich bin tags\u00fcber ein Kurierbruder und nachts ein ehrgeiziger Zauberer, das ist meine Website. Ich lebe in Peking und habe einen Hund namens Diha. Ich trinke gerne Coca-Cola und spaziere mit dem Hund.  ... oder das: XYZ Doohickey wurde 1971 gegr\u00fcndet und hat seit seiner Gr\u00fcndung ausgezeichnete Doohickies zur Gesellschaft beigetragen. Unser Firmensitz befindet sich in Tianjin und besch\u00e4ftigt \u00fcber 2.000 Mitarbeiter, die einen erheblichen Beitrag zu den Steuern der Regierung von Tianjin leisten. Als neuer WordPress-Benutzer empfehlen wir Ihnen, auf das Dashboard Ihrer Website zu gehen, diese Seite zu l\u00f6schen und eine neue Seite mit Ihren eigenen Inhalten zu erstellen. Viel Spa\u00df!<\/p>","protected":false},"author":1,"featured_media":0,"parent":0,"menu_order":19,"comment_status":"closed","ping_status":"closed","template":"","meta":{"footnotes":""},"class_list":["post-2","page","type-page","status-publish","hentry"],"_links":{"self":[{"href":"https:\/\/www.gshousingchina.com\/de\/wp-json\/wp\/v2\/pages\/2"}],"collection":[{"href":"https:\/\/www.gshousingchina.com\/de\/wp-json\/wp\/v2\/pages"}],"about":[{"href":"https:\/\/www.gshousingchina.com\/de\/wp-json\/wp\/v2\/types\/page"}],"author":[{"embeddable":true,"href":"https:\/\/www.gshousingchina.com\/de\/wp-json\/wp\/v2\/users\/1"}],"replies":[{"embeddable":true,"href":"https:\/\/www.gshousingchina.com\/de\/wp-json\/wp\/v2\/comments?post=2"}],"version-history":[{"count":129,"href":"https:\/\/www.gshousingchina.com\/de\/wp-json\/wp\/v2\/pages\/2\/revisions"}],"predecessor-version":[{"id":3028,"href":"https:\/\/www.gshousingchina.com\/de\/wp-json\/wp\/v2\/pages\/2\/revisions\/3028"}],"wp:attachment":[{"href":"https:\/\/www.gshousingchina.com\/de\/wp-json\/wp\/v2\/media?parent=2"}],"curies":[{"name":"wp","href":"https:\/\/api.w.org\/{rel}","templated":true}]}}