{"id":2,"date":"2024-08-22T21:19:13","date_gmt":"2024-08-22T13:19:13","guid":{"rendered":"http:\/\/www.gshousingchina.com\/?page_id=2"},"modified":"2026-03-30T09:36:02","modified_gmt":"2026-03-30T01:36:02","slug":"home","status":"publish","type":"page","link":"https:\/\/www.gshousingchina.com\/es\/","title":{"rendered":"Inicio"},"content":{"rendered":"<p>Esta es la p\u00e1gina de demostraci\u00f3n. La p\u00e1gina es diferente de los art\u00edculos del blog, su ubicaci\u00f3n es fija y generalmente se muestra en la barra de navegaci\u00f3n del sitio. Muchos usuarios crean una p\u00e1gina \"sobre\" para presentarse a los visitantes. Por ejemplo:<\/p>\r\n\r\n\r\n<blockquote class=\"wp-block-quote is-layout-flow wp-block-quote-is-layout-flow\">\r\n<p>Hola, buenas. Soy un hermano de mensajer\u00eda durante el d\u00eda y un mago ambicioso por la noche, este es mi sitio Web. Vivo en Beijing y tengo un cachorro llamado erha. Por lo general, me gusta beber cola y pasear a mi perro.<\/p>\r\n<\/blockquote>\r\n\r\n\r\n<p>...... O esto:<\/p>\r\n\r\n\r\n<blockquote class=\"wp-block-quote is-layout-flow wp-block-quote-is-layout-flow\">\r\n<p>Fundada en 1971, la empresa XYZ doohickey ha contribuido con excelentes doohickies a la sociedad desde su creaci\u00f3n. Nuestra empresa tiene su sede en modu, en la dinast\u00eda celestial, con m\u00e1s de dos mil empleados, lo que contribuye enormemente a los impuestos del Gobierno de modu.<\/p>\r\n<\/blockquote>\r\n\r\n\r\n<p>Y usted, como nuevo usuario de wordpress, le recomendamos que vaya a<a href=\"http:\/\/www.gshousingchina.com\/wp-admin\/\">El salpicadero de su sitio<\/a>, elimine esta p\u00e1gina y luego cree una nueva p\u00e1gina que contenga su propio contenido. \u00a1\u00a1 le deseo un buen uso!<\/p>","protected":false},"excerpt":{"rendered":"<p>Esta es la p\u00e1gina de demostraci\u00f3n. La p\u00e1gina es diferente de los art\u00edculos del blog, su ubicaci\u00f3n es fija y generalmente se muestra en la barra de navegaci\u00f3n del sitio. Muchos usuarios crean una p\u00e1gina \"sobre\" para presentarse a los visitantes. \u00a1Por ejemplo: \u00a1 Hola a todos! Soy un hermano de mensajer\u00eda durante el d\u00eda y un mago ambicioso por la noche, este es mi sitio Web. Vivo en Beijing y tengo un cachorro llamado erha. Por lo general, me gusta beber cola y pasear a mi perro. ...... O esto: la empresa XYZ doohickey fue fundada en 1971 y desde su creaci\u00f3n hemos contribuido a la sociedad con excelentes doohickies. Nuestra empresa tiene su sede en modu, en la dinast\u00eda celestial, con m\u00e1s de dos mil empleados, lo que contribuye enormemente a los impuestos del Gobierno de modu. Y usted, como nuevo usuario de wordpress, le recomendamos ir al salpicadero de su sitio, eliminar esta p\u00e1gina y luego crear una nueva p\u00e1gina que contenga su propio contenido. \u00a1\u00a1 le deseo un buen uso!<\/p>","protected":false},"author":1,"featured_media":0,"parent":0,"menu_order":19,"comment_status":"closed","ping_status":"closed","template":"","meta":{"footnotes":""},"class_list":["post-2","page","type-page","status-publish","hentry"],"_links":{"self":[{"href":"https:\/\/www.gshousingchina.com\/es\/wp-json\/wp\/v2\/pages\/2"}],"collection":[{"href":"https:\/\/www.gshousingchina.com\/es\/wp-json\/wp\/v2\/pages"}],"about":[{"href":"https:\/\/www.gshousingchina.com\/es\/wp-json\/wp\/v2\/types\/page"}],"author":[{"embeddable":true,"href":"https:\/\/www.gshousingchina.com\/es\/wp-json\/wp\/v2\/users\/1"}],"replies":[{"embeddable":true,"href":"https:\/\/www.gshousingchina.com\/es\/wp-json\/wp\/v2\/comments?post=2"}],"version-history":[{"count":129,"href":"https:\/\/www.gshousingchina.com\/es\/wp-json\/wp\/v2\/pages\/2\/revisions"}],"predecessor-version":[{"id":3028,"href":"https:\/\/www.gshousingchina.com\/es\/wp-json\/wp\/v2\/pages\/2\/revisions\/3028"}],"wp:attachment":[{"href":"https:\/\/www.gshousingchina.com\/es\/wp-json\/wp\/v2\/media?parent=2"}],"curies":[{"name":"wp","href":"https:\/\/api.w.org\/{rel}","templated":true}]}}