{"id":2,"date":"2024-08-22T21:19:13","date_gmt":"2024-08-22T13:19:13","guid":{"rendered":"http:\/\/www.gshousingchina.com\/?page_id=2"},"modified":"2026-03-30T09:36:02","modified_gmt":"2026-03-30T01:36:02","slug":"home","status":"publish","type":"page","link":"https:\/\/www.gshousingchina.com\/fr\/","title":{"rendered":"Accueil"},"content":{"rendered":"<p>Voici la page de d\u00e9monstration. Les pages et les articles de blog sont diff\u00e9rents, sa position est fixe et appara\u00eet g\u00e9n\u00e9ralement dans la barre de navigation du site. De nombreux utilisateurs cr\u00e9ent une page \u00ab \u00c0 propos \u00bb pour se pr\u00e9senter aux visiteurs. Par exemple:<\/p>\r\n\r\n\r\n<blockquote class=\"wp-block-quote is-layout-flow wp-block-quote-is-layout-flow\">\r\n<p>Salut tout le monde! Je suis un petit fr\u00e8re express le jour et un aspirant magicien la nuit, voici mon site Web. J'habite \u00e0 P\u00e9kin et j'ai un petit chien nomm\u00e9 jiha. D'habitude, j'aime boire du coca et promener mon chien.<\/p>\r\n<\/blockquote>\r\n\r\n\r\n<p>... ou celui - ci:<\/p>\r\n\r\n\r\n<blockquote class=\"wp-block-quote is-layout-flow wp-block-quote-is-layout-flow\">\r\n<p>La soci\u00e9t\u00e9 XYZ doohickey a \u00e9t\u00e9 fond\u00e9e en 1971 et depuis sa cr\u00e9ation, nous avons apport\u00e9 d'excellents doohickey \u00e0 la soci\u00e9t\u00e9. Notre soci\u00e9t\u00e9, dont le si\u00e8ge social est situ\u00e9 dans la dynastie du diable, emploie plus de deux mille personnes et contribue grandement aux imp\u00f4ts du Gouvernement du diable.<\/p>\r\n<\/blockquote>\r\n\r\n\r\n<p>Et vous, en tant que nouvel utilisateur de WordPress, nous vous recommandons d\u2019aller \u00e0<a href=\"http:\/\/www.gshousingchina.com\/wp-admin\/\">Le tableau de bord de votre site<\/a>, supprimez cette page, puis cr\u00e9ez une nouvelle page avec votre propre contenu. Bonne utilisation!<\/p>","protected":false},"excerpt":{"rendered":"<p>Voici la page de d\u00e9monstration. Les pages et les articles de blog sont diff\u00e9rents, sa position est fixe et appara\u00eet g\u00e9n\u00e9ralement dans la barre de navigation du site. De nombreux utilisateurs cr\u00e9ent une page \u00ab \u00c0 propos \u00bb pour se pr\u00e9senter aux visiteurs. Par exemple: Bonjour \u00e0 tous! Je suis un petit fr\u00e8re express le jour et un aspirant magicien la nuit, voici mon site Web. J'habite \u00e0 P\u00e9kin et j'ai un petit chien nomm\u00e9 jiha. D'habitude, j'aime boire du coca et promener mon chien. ... ou ceci: la soci\u00e9t\u00e9 XYZ doohickey a \u00e9t\u00e9 fond\u00e9e en 1971 et depuis sa cr\u00e9ation, nous avons apport\u00e9 d'excellents doohickey \u00e0 la soci\u00e9t\u00e9. Notre soci\u00e9t\u00e9, dont le si\u00e8ge social est situ\u00e9 dans la dynastie du diable, emploie plus de deux mille personnes et contribue grandement aux imp\u00f4ts du Gouvernement du diable. Et vous, en tant que nouvel utilisateur de WordPress, nous vous recommandons d\u2019aller au tableau de bord de votre site, de supprimer cette page et de cr\u00e9er une nouvelle page avec votre propre contenu. Bonne utilisation!<\/p>","protected":false},"author":1,"featured_media":0,"parent":0,"menu_order":19,"comment_status":"closed","ping_status":"closed","template":"","meta":{"footnotes":""},"class_list":["post-2","page","type-page","status-publish","hentry"],"_links":{"self":[{"href":"https:\/\/www.gshousingchina.com\/fr\/wp-json\/wp\/v2\/pages\/2"}],"collection":[{"href":"https:\/\/www.gshousingchina.com\/fr\/wp-json\/wp\/v2\/pages"}],"about":[{"href":"https:\/\/www.gshousingchina.com\/fr\/wp-json\/wp\/v2\/types\/page"}],"author":[{"embeddable":true,"href":"https:\/\/www.gshousingchina.com\/fr\/wp-json\/wp\/v2\/users\/1"}],"replies":[{"embeddable":true,"href":"https:\/\/www.gshousingchina.com\/fr\/wp-json\/wp\/v2\/comments?post=2"}],"version-history":[{"count":129,"href":"https:\/\/www.gshousingchina.com\/fr\/wp-json\/wp\/v2\/pages\/2\/revisions"}],"predecessor-version":[{"id":3028,"href":"https:\/\/www.gshousingchina.com\/fr\/wp-json\/wp\/v2\/pages\/2\/revisions\/3028"}],"wp:attachment":[{"href":"https:\/\/www.gshousingchina.com\/fr\/wp-json\/wp\/v2\/media?parent=2"}],"curies":[{"name":"wp","href":"https:\/\/api.w.org\/{rel}","templated":true}]}}