{"id":2,"date":"2024-08-22T21:19:13","date_gmt":"2024-08-22T13:19:13","guid":{"rendered":"http:\/\/www.gshousingchina.com\/?page_id=2"},"modified":"2026-03-30T09:36:02","modified_gmt":"2026-03-30T01:36:02","slug":"home","status":"publish","type":"page","link":"https:\/\/www.gshousingchina.com\/it\/","title":{"rendered":"Casa"},"content":{"rendered":"<p>Questa \u00e8 una pagina di dimostrazione. A differenza di una pagina e di un post sul blog, la sua posizione \u00e8 fissa e di solito viene visualizzata nella barra di navigazione del sito. Molti utenti creano una pagina \"su\" per presentarsi ai visitatori. Ad esempio:<\/p>\r\n\r\n\r\n<blockquote class=\"wp-block-quote is-layout-flow wp-block-quote-is-layout-flow\">\r\n<p>Ciao a tutti! Sono un fratello pi\u00f9 piccolo di corriere durante il giorno e un aspirante mago di notte, questo \u00e8 il mio sito. Vivo a Pechino e ho un cucciolo di nome Diha. Mi piace bere cola e fare passeggiate con i cani.<\/p>\r\n<\/blockquote>\r\n\r\n\r\n<p>... o questo:<\/p>\r\n\r\n\r\n<blockquote class=\"wp-block-quote is-layout-flow wp-block-quote-is-layout-flow\">\r\n<p>La societ\u00e0 XYZ Doohickey \u00e8 stata fondata nel 1971 e da quando \u00e8 stata fondata, abbiamo contribuito alla societ\u00e0 con eccellenti doohickies. La nostra azienda ha sede a Tianjin e conta con oltre 2.000 dipendenti che contribuiscono notevolmente alle tasse del governo di Tianjin.<\/p>\r\n<\/blockquote>\r\n\r\n\r\n<p>Come nuovo utente di WordPress, ti consigliamo di passare<a href=\"http:\/\/www.gshousingchina.com\/wp-admin\/\">Dashboard del tuo sito<\/a>Elimina questa pagina e crea una nuova pagina con i tuoi contenuti. Buon utilizzo!<\/p>","protected":false},"excerpt":{"rendered":"<p>Questa \u00e8 una pagina di dimostrazione. A differenza di una pagina e di un post sul blog, la sua posizione \u00e8 fissa e di solito viene visualizzata nella barra di navigazione del sito. Molti utenti creano una pagina \"su\" per presentarsi ai visitatori. Ad esempio: Ciao a tutti! Sono un fratello pi\u00f9 piccolo di corriere durante il giorno e un aspirante mago di notte, questo \u00e8 il mio sito. Vivo a Pechino e ho un cucciolo di nome Diha. Mi piace bere cola e fare passeggiate con i cani.  ... o questo: XYZ Doohickey \u00e8 stata fondata nel 1971 e, sin dalla sua fondazione, abbiamo contribuito alla societ\u00e0 con eccellenti doohickies. La nostra azienda ha sede a Tianjin e conta con oltre 2.000 dipendenti che contribuiscono notevolmente alle tasse del governo di Tianjin. In quanto nuovo utente di WordPress, ti consigliamo di accedere al dashboard del tuo sito, eliminare questa pagina e creare una nuova pagina con i tuoi contenuti. Buon utilizzo!<\/p>","protected":false},"author":1,"featured_media":0,"parent":0,"menu_order":19,"comment_status":"closed","ping_status":"closed","template":"","meta":{"footnotes":""},"class_list":["post-2","page","type-page","status-publish","hentry"],"_links":{"self":[{"href":"https:\/\/www.gshousingchina.com\/it\/wp-json\/wp\/v2\/pages\/2"}],"collection":[{"href":"https:\/\/www.gshousingchina.com\/it\/wp-json\/wp\/v2\/pages"}],"about":[{"href":"https:\/\/www.gshousingchina.com\/it\/wp-json\/wp\/v2\/types\/page"}],"author":[{"embeddable":true,"href":"https:\/\/www.gshousingchina.com\/it\/wp-json\/wp\/v2\/users\/1"}],"replies":[{"embeddable":true,"href":"https:\/\/www.gshousingchina.com\/it\/wp-json\/wp\/v2\/comments?post=2"}],"version-history":[{"count":129,"href":"https:\/\/www.gshousingchina.com\/it\/wp-json\/wp\/v2\/pages\/2\/revisions"}],"predecessor-version":[{"id":3028,"href":"https:\/\/www.gshousingchina.com\/it\/wp-json\/wp\/v2\/pages\/2\/revisions\/3028"}],"wp:attachment":[{"href":"https:\/\/www.gshousingchina.com\/it\/wp-json\/wp\/v2\/media?parent=2"}],"curies":[{"name":"wp","href":"https:\/\/api.w.org\/{rel}","templated":true}]}}