{"id":2,"date":"2024-08-22T21:19:13","date_gmt":"2024-08-22T13:19:13","guid":{"rendered":"http:\/\/www.gshousingchina.com\/?page_id=2"},"modified":"2026-03-30T09:36:02","modified_gmt":"2026-03-30T01:36:02","slug":"home","status":"publish","type":"page","link":"https:\/\/www.gshousingchina.com\/pt\/","title":{"rendered":"Casa"},"content":{"rendered":"<p>Esta \u00e9 uma p\u00e1gina de demonstra\u00e7\u00e3o. Uma p\u00e1gina \u00e9 diferente de um blog post em que sua posi\u00e7\u00e3o \u00e9 fixa e geralmente mostrada na barra de navega\u00e7\u00e3o do site. Muitos usu\u00e1rios criam uma p\u00e1gina sobre para se apresentarem aos visitantes. Por exemplo:<\/p>\r\n\r\n\r\n<blockquote class=\"wp-block-quote is-layout-flow wp-block-quote-is-layout-flow\">\r\n<p>Ol\u00e1 a todos! Sou um homem de entrega durante o dia e um m\u00e1gico aspirante \u00e0 noite. Este \u00e9 meu site. Eu vivo em Pequim e tenho um c\u00e3o chamado Erha. Eu normalmente gosto de beber cola e andar meu c\u00e3o.<\/p>\r\n<\/blockquote>\r\n\r\n\r\n<p>... ou isto:<\/p>\r\n\r\n\r\n<blockquote class=\"wp-block-quote is-layout-flow wp-block-quote-is-layout-flow\">\r\n<p>A XYZ Doohickey Company foi fundada em 1971, e desde ent\u00e3o, estamos contribuindo com excelentes doohicks para a sociedade. Nossa empresa tem sede na Cidade do Demon do Reino Celestial e tem mais de 2000 empregados, fazendo contribui\u00e7\u00f5es significativas para a receita fiscal do governo da Cidade do Demon.<\/p>\r\n<\/blockquote>\r\n\r\n\r\n<p>E como um novo usu\u00e1rio da WordPress, sugerimos que voc\u00ea v\u00e1 para<a href=\"http:\/\/www.gshousingchina.com\/wp-admin\/\">O painel do seu site<\/a>Elimina esta p\u00e1gina e cria uma nova p\u00e1gina que cont\u00e9m seu pr\u00f3prio conte\u00fado. Desejando um uso agrad\u00e1vel!<\/p>","protected":false},"excerpt":{"rendered":"<p>Esta \u00e9 uma p\u00e1gina de demonstra\u00e7\u00e3o. Uma p\u00e1gina \u00e9 diferente de um blog post em que sua posi\u00e7\u00e3o \u00e9 fixa e geralmente mostrada na barra de navega\u00e7\u00e3o do site. Muitos usu\u00e1rios criam uma p\u00e1gina sobre para se apresentarem aos visitantes. Por exemplo: Ol\u00e1 todos! Sou um homem de entrega durante o dia e um m\u00e1gico aspirante \u00e0 noite. Este \u00e9 meu site. Eu vivo em Pequim e tenho um c\u00e3o chamado Erha. Eu normalmente gosto de beber cola e andar meu c\u00e3o. ... ou isto: a XYZ Doohickey Company foi fundada em 1971, e desde seu estabelecimento, estamos contribuindo excelentes doohicks para a sociedade. Nossa empresa tem sede na Cidade do Demon do Reino Celestial e tem mais de 2000 empregados, fazendo contribui\u00e7\u00f5es significativas para a receita fiscal do governo da Cidade do Demon. Como um novo usu\u00e1rio de WordPress, recomendamos que voc\u00ea v\u00e1 ao painel de bordo do seu site, elimina esta p\u00e1gina, e ent\u00e3o cria uma nova p\u00e1gina que cont\u00e9m seu pr\u00f3prio conte\u00fado. Desejando um uso agrad\u00e1vel!<\/p>","protected":false},"author":1,"featured_media":0,"parent":0,"menu_order":19,"comment_status":"closed","ping_status":"closed","template":"","meta":{"footnotes":""},"class_list":["post-2","page","type-page","status-publish","hentry"],"_links":{"self":[{"href":"https:\/\/www.gshousingchina.com\/pt\/wp-json\/wp\/v2\/pages\/2"}],"collection":[{"href":"https:\/\/www.gshousingchina.com\/pt\/wp-json\/wp\/v2\/pages"}],"about":[{"href":"https:\/\/www.gshousingchina.com\/pt\/wp-json\/wp\/v2\/types\/page"}],"author":[{"embeddable":true,"href":"https:\/\/www.gshousingchina.com\/pt\/wp-json\/wp\/v2\/users\/1"}],"replies":[{"embeddable":true,"href":"https:\/\/www.gshousingchina.com\/pt\/wp-json\/wp\/v2\/comments?post=2"}],"version-history":[{"count":129,"href":"https:\/\/www.gshousingchina.com\/pt\/wp-json\/wp\/v2\/pages\/2\/revisions"}],"predecessor-version":[{"id":3028,"href":"https:\/\/www.gshousingchina.com\/pt\/wp-json\/wp\/v2\/pages\/2\/revisions\/3028"}],"wp:attachment":[{"href":"https:\/\/www.gshousingchina.com\/pt\/wp-json\/wp\/v2\/media?parent=2"}],"curies":[{"name":"wp","href":"https:\/\/api.w.org\/{rel}","templated":true}]}}