{"id":2,"date":"2024-08-22T21:19:13","date_gmt":"2024-08-22T13:19:13","guid":{"rendered":"http:\/\/www.gshousingchina.com\/?page_id=2"},"modified":"2026-03-30T09:36:02","modified_gmt":"2026-03-30T01:36:02","slug":"home","status":"publish","type":"page","link":"https:\/\/www.gshousingchina.com\/tr\/","title":{"rendered":"Ba\u015fl\u0131k"},"content":{"rendered":"<p>Bu bir \u00f6rnek sayfa. Sayfalar ve blog yaz\u0131lar\u0131ndan farkl\u0131 olarak, konumlar\u0131 sabittir ve genellikle site navigasyon \u00e7ubu\u011funda g\u00f6r\u00fcn\u00fcr. Bir\u00e7ok kullan\u0131c\u0131 kendilerini ziyaret\u00e7ilere tan\u0131tmak i\u00e7in bir \u201cHakk\u0131nda\u201d sayfas\u0131 olu\u015fturur. \u00d6rne\u011fin:<\/p>\r\n\r\n\r\n<blockquote class=\"wp-block-quote is-layout-flow wp-block-quote-is-layout-flow\">\r\n<p>Merhaba herkese! G\u00fcnd\u00fcz bir kuryer k\u00fc\u00e7\u00fck karde\u015fiyim, gece bir b\u00fcy\u00fcc\u00fcy\u00fcm ve bu benim web sitem. Pekin'de ya\u015f\u0131yorum ve Diha ad\u0131nda bir k\u00f6pek bebe\u011fim var. Genellikle kola i\u00e7meyi ve k\u00f6pekleri y\u00fcr\u00fctmeyi seviyorum.<\/p>\r\n<\/blockquote>\r\n\r\n\r\n<p>Ya da bu:<\/p>\r\n\r\n\r\n<blockquote class=\"wp-block-quote is-layout-flow wp-block-quote-is-layout-flow\">\r\n<p>XYZ Doohickey \u015eirketi 1971 y\u0131l\u0131nda kuruldu ve kurulu\u015fundan bu yana topluma m\u00fckemmel doohickies katk\u0131da bulunmaktad\u0131r. \u015eirketimizin merkezi Tian Dynasty'de bulunmaktad\u0131r ve 2.000'den fazla \u00e7al\u0131\u015fan\u0131m\u0131z bulunmaktad\u0131r ve Tian Dynasty h\u00fck\u00fcmetinin vergilerine b\u00fcy\u00fck katk\u0131da bulunmaktad\u0131r.<\/p>\r\n<\/blockquote>\r\n\r\n\r\n<p>Yeni bir WordPress kullan\u0131c\u0131s\u0131 olarak, bu siteye gitmenizi \u00f6neririz.<a href=\"http:\/\/www.gshousingchina.com\/wp-admin\/\">Sitenizin panosu<\/a>Bu sayfay\u0131 silmek ve kendi i\u00e7eri\u011finizi i\u00e7eren yeni bir sayfa olu\u015fturmak. \u0130yi kullan\u0131mlar!<\/p>","protected":false},"excerpt":{"rendered":"<p>Bu bir \u00f6rnek sayfa. Sayfalar ve blog yaz\u0131lar\u0131ndan farkl\u0131 olarak, konumlar\u0131 sabittir ve genellikle site navigasyon \u00e7ubu\u011funda g\u00f6r\u00fcn\u00fcr. Bir\u00e7ok kullan\u0131c\u0131 kendilerini ziyaret\u00e7ilere tan\u0131tmak i\u00e7in bir \u201cHakk\u0131nda\u201d sayfas\u0131 olu\u015fturur. \u00d6rne\u011fin: Merhaba herkes! G\u00fcnd\u00fcz bir kuryer k\u00fc\u00e7\u00fck karde\u015fiyim, gece bir b\u00fcy\u00fcc\u00fcy\u00fcm ve bu benim web sitem. Pekin'de ya\u015f\u0131yorum ve Diha ad\u0131nda bir k\u00f6pek bebe\u011fim var. Genellikle kola i\u00e7meyi ve k\u00f6pekleri y\u00fcr\u00fctmeyi seviyorum.  ... veya bu: XYZ Doohickey 1971 y\u0131l\u0131nda kuruldu ve kurulu\u015fundan bu yana topluma m\u00fckemmel doohickies katk\u0131da bulunmaktad\u0131r. \u015eirketimizin merkezi Tian Dynasty'de bulunmaktad\u0131r ve 2.000'den fazla \u00e7al\u0131\u015fan\u0131m\u0131z bulunmaktad\u0131r ve Tian Dynasty h\u00fck\u00fcmetinin vergilerine b\u00fcy\u00fck katk\u0131da bulunmaktad\u0131r. Yeni bir WordPress kullan\u0131c\u0131s\u0131 olarak, sitenizin panosuna gidip bu sayfay\u0131 silmenizi ve kendi i\u00e7eri\u011finizi i\u00e7eren yeni bir sayfa olu\u015fturman\u0131z\u0131 \u00f6neririz. \u0130yi kullan\u0131mlar!<\/p>","protected":false},"author":1,"featured_media":0,"parent":0,"menu_order":19,"comment_status":"closed","ping_status":"closed","template":"","meta":{"footnotes":""},"class_list":["post-2","page","type-page","status-publish","hentry"],"_links":{"self":[{"href":"https:\/\/www.gshousingchina.com\/tr\/wp-json\/wp\/v2\/pages\/2"}],"collection":[{"href":"https:\/\/www.gshousingchina.com\/tr\/wp-json\/wp\/v2\/pages"}],"about":[{"href":"https:\/\/www.gshousingchina.com\/tr\/wp-json\/wp\/v2\/types\/page"}],"author":[{"embeddable":true,"href":"https:\/\/www.gshousingchina.com\/tr\/wp-json\/wp\/v2\/users\/1"}],"replies":[{"embeddable":true,"href":"https:\/\/www.gshousingchina.com\/tr\/wp-json\/wp\/v2\/comments?post=2"}],"version-history":[{"count":129,"href":"https:\/\/www.gshousingchina.com\/tr\/wp-json\/wp\/v2\/pages\/2\/revisions"}],"predecessor-version":[{"id":3028,"href":"https:\/\/www.gshousingchina.com\/tr\/wp-json\/wp\/v2\/pages\/2\/revisions\/3028"}],"wp:attachment":[{"href":"https:\/\/www.gshousingchina.com\/tr\/wp-json\/wp\/v2\/media?parent=2"}],"curies":[{"name":"wp","href":"https:\/\/api.w.org\/{rel}","templated":true}]}}