{"id":2209,"date":"2025-07-11T17:00:25","date_gmt":"2025-07-11T09:00:25","guid":{"rendered":"https:\/\/www.gshousingchina.com\/?post_type=product&#038;p=2209"},"modified":"2026-02-27T15:18:17","modified_gmt":"2026-02-27T07:18:17","slug":"700-foot-expandable-small-biplane-house","status":"publish","type":"product","link":"https:\/\/www.gshousingchina.com\/tr\/urun\/700-feet-genisletilebilir-kucuk-biplan-ev\/","title":{"rendered":"700 feet geni\u015fletilebilir k\u00fc\u00e7\u00fck biplane ev"},"content":{"rendered":"","protected":false},"featured_media":0,"parent":0,"menu_order":15,"template":"","product-category":[19,147],"class_list":["post-2209","product","type-product","status-publish","hentry","product-category-prefab-house","product-category-700-foot-expandable-small-biplane-house"],"_links":{"self":[{"href":"https:\/\/www.gshousingchina.com\/tr\/wp-json\/wp\/v2\/product\/2209"}],"collection":[{"href":"https:\/\/www.gshousingchina.com\/tr\/wp-json\/wp\/v2\/product"}],"about":[{"href":"https:\/\/www.gshousingchina.com\/tr\/wp-json\/wp\/v2\/types\/product"}],"wp:attachment":[{"href":"https:\/\/www.gshousingchina.com\/tr\/wp-json\/wp\/v2\/media?parent=2209"}],"wp:term":[{"taxonomy":"product-category","embeddable":true,"href":"https:\/\/www.gshousingchina.com\/tr\/wp-json\/wp\/v2\/product-category?post=2209"}],"curies":[{"name":"wp","href":"https:\/\/api.w.org\/{rel}","templated":true}]}}